{"id":210,"date":"2022-11-25T16:04:42","date_gmt":"2022-11-25T16:04:42","guid":{"rendered":"https:\/\/rifugiosoria.com\/reservation\/"},"modified":"2022-12-15T18:30:40","modified_gmt":"2022-12-15T18:30:40","slug":"activites","status":"publish","type":"page","link":"https:\/\/rifugiosoria.com\/fr\/activites\/","title":{"rendered":"Activit\u00e9s"},"content":{"rendered":"\t\t<div data-elementor-type=\"wp-page\" data-elementor-id=\"210\" class=\"elementor elementor-210 elementor-67\">\n\t\t\t\t\t\t<section class=\"elementor-section elementor-top-section elementor-element elementor-element-61a3cbe elementor-section-content-middle elementor-section-boxed elementor-section-height-default elementor-section-height-default\" data-id=\"61a3cbe\" data-element_type=\"section\" data-e-type=\"section\">\n\t\t\t\t\t\t<div class=\"elementor-container elementor-column-gap-no\">\n\t\t\t\t\t<div class=\"elementor-column elementor-col-33 elementor-top-column elementor-element elementor-element-69d80f3\" data-id=\"69d80f3\" data-element_type=\"column\" data-e-type=\"column\">\n\t\t\t<div class=\"elementor-widget-wrap elementor-element-populated\">\n\t\t\t\t\t\t<div class=\"elementor-element elementor-element-f9ad349 elementor-widget elementor-widget-heading\" data-id=\"f9ad349\" data-element_type=\"widget\" data-e-type=\"widget\" data-widget_type=\"heading.default\">\n\t\t\t\t<div class=\"elementor-widget-container\">\n\t\t\t\t\t<h2 class=\"elementor-heading-title elementor-size-default\">La vie est belle en Montagne<\/h2>\t\t\t\t<\/div>\n\t\t\t\t<\/div>\n\t\t\t\t<div class=\"elementor-element elementor-element-411ac9a elementor-widget elementor-widget-image\" data-id=\"411ac9a\" data-element_type=\"widget\" data-e-type=\"widget\" data-widget_type=\"image.default\">\n\t\t\t\t<div class=\"elementor-widget-container\">\n\t\t\t\t\t\t\t\t\t\t\t\t\t\t\t<img decoding=\"async\" src=\"https:\/\/i0.wp.com\/rifugiosoria.com\/wp-content\/uploads\/2022\/12\/d79e8adc-23b9-4db7-9fa2-672a6377a23f-2.jpg?fit=960%2C1200&#038;ssl=1\" title=\"d79e8adc-23b9-4db7-9fa2-672a6377a23f\" alt=\"d79e8adc-23b9-4db7-9fa2-672a6377a23f\" class=\"elementor-animation-grow\" loading=\"lazy\" \/>\t\t\t\t\t\t\t\t\t\t\t\t\t\t\t<\/div>\n\t\t\t\t<\/div>\n\t\t\t\t\t<\/div>\n\t\t<\/div>\n\t\t\t\t<div class=\"elementor-column elementor-col-33 elementor-top-column elementor-element elementor-element-c40efaf\" data-id=\"c40efaf\" data-element_type=\"column\" data-e-type=\"column\">\n\t\t\t<div class=\"elementor-widget-wrap elementor-element-populated\">\n\t\t\t\t\t\t<div class=\"elementor-element elementor-element-09fbb71 elementor-widget elementor-widget-image\" data-id=\"09fbb71\" data-element_type=\"widget\" data-e-type=\"widget\" data-widget_type=\"image.default\">\n\t\t\t\t<div class=\"elementor-widget-container\">\n\t\t\t\t\t\t\t\t\t\t\t\t\t\t\t<img fetchpriority=\"high\" decoding=\"async\" width=\"768\" height=\"1024\" src=\"https:\/\/i0.wp.com\/rifugiosoria.com\/wp-content\/uploads\/2022\/12\/IMG_6519-scaled.jpg?fit=768%2C1024&amp;ssl=1\" class=\"elementor-animation-grow attachment-large size-large wp-image-804\" alt=\"\" srcset=\"https:\/\/i0.wp.com\/rifugiosoria.com\/wp-content\/uploads\/2022\/12\/IMG_6519-scaled.jpg?w=1920&amp;ssl=1 1920w, https:\/\/i0.wp.com\/rifugiosoria.com\/wp-content\/uploads\/2022\/12\/IMG_6519-scaled.jpg?resize=225%2C300&amp;ssl=1 225w, https:\/\/i0.wp.com\/rifugiosoria.com\/wp-content\/uploads\/2022\/12\/IMG_6519-scaled.jpg?resize=768%2C1024&amp;ssl=1 768w, https:\/\/i0.wp.com\/rifugiosoria.com\/wp-content\/uploads\/2022\/12\/IMG_6519-scaled.jpg?resize=1152%2C1536&amp;ssl=1 1152w, https:\/\/i0.wp.com\/rifugiosoria.com\/wp-content\/uploads\/2022\/12\/IMG_6519-scaled.jpg?resize=1536%2C2048&amp;ssl=1 1536w\" sizes=\"(max-width: 768px) 100vw, 768px\" \/>\t\t\t\t\t\t\t\t\t\t\t\t\t\t\t<\/div>\n\t\t\t\t<\/div>\n\t\t\t\t\t<\/div>\n\t\t<\/div>\n\t\t\t\t<div class=\"elementor-column elementor-col-33 elementor-top-column elementor-element elementor-element-844f469\" data-id=\"844f469\" data-element_type=\"column\" data-e-type=\"column\">\n\t\t\t<div class=\"elementor-widget-wrap elementor-element-populated\">\n\t\t\t\t\t\t<div class=\"elementor-element elementor-element-d92868a elementor-widget elementor-widget-image\" data-id=\"d92868a\" data-element_type=\"widget\" data-e-type=\"widget\" data-widget_type=\"image.default\">\n\t\t\t\t<div class=\"elementor-widget-container\">\n\t\t\t\t\t\t\t\t\t\t\t\t<figure class=\"wp-caption\">\n\t\t\t\t\t\t\t\t\t\t<img decoding=\"async\" width=\"819\" height=\"1024\" src=\"https:\/\/i0.wp.com\/rifugiosoria.com\/wp-content\/uploads\/2022\/12\/bouk-scaled.jpg?fit=819%2C1024&amp;ssl=1\" class=\"elementor-animation-grow attachment-large size-large wp-image-860\" alt=\"\" srcset=\"https:\/\/i0.wp.com\/rifugiosoria.com\/wp-content\/uploads\/2022\/12\/bouk-scaled.jpg?w=2048&amp;ssl=1 2048w, https:\/\/i0.wp.com\/rifugiosoria.com\/wp-content\/uploads\/2022\/12\/bouk-scaled.jpg?resize=240%2C300&amp;ssl=1 240w, https:\/\/i0.wp.com\/rifugiosoria.com\/wp-content\/uploads\/2022\/12\/bouk-scaled.jpg?resize=819%2C1024&amp;ssl=1 819w, https:\/\/i0.wp.com\/rifugiosoria.com\/wp-content\/uploads\/2022\/12\/bouk-scaled.jpg?resize=768%2C960&amp;ssl=1 768w, https:\/\/i0.wp.com\/rifugiosoria.com\/wp-content\/uploads\/2022\/12\/bouk-scaled.jpg?resize=1229%2C1536&amp;ssl=1 1229w, https:\/\/i0.wp.com\/rifugiosoria.com\/wp-content\/uploads\/2022\/12\/bouk-scaled.jpg?resize=1638%2C2048&amp;ssl=1 1638w\" sizes=\"(max-width: 819px) 100vw, 819px\" \/>\t\t\t\t\t\t\t\t\t\t\t<figcaption class=\"widget-image-caption wp-caption-text\">\u00a9 Fabrizio Dao<\/figcaption>\n\t\t\t\t\t\t\t\t\t\t<\/figure>\n\t\t\t\t\t\t\t\t\t<\/div>\n\t\t\t\t<\/div>\n\t\t\t\t\t<\/div>\n\t\t<\/div>\n\t\t\t\t\t<\/div>\n\t\t<\/section>\n\t\t\t\t<section class=\"elementor-section elementor-top-section elementor-element elementor-element-7d1024fb elementor-section-content-middle elementor-section-boxed elementor-section-height-default elementor-section-height-default\" data-id=\"7d1024fb\" data-element_type=\"section\" data-e-type=\"section\" data-settings=\"{&quot;background_background&quot;:&quot;classic&quot;}\">\n\t\t\t\t\t\t<div class=\"elementor-container elementor-column-gap-no\">\n\t\t\t\t\t<div class=\"elementor-column elementor-col-100 elementor-top-column elementor-element elementor-element-20bf3cce\" data-id=\"20bf3cce\" data-element_type=\"column\" data-e-type=\"column\" data-settings=\"{&quot;background_background&quot;:&quot;classic&quot;}\">\n\t\t\t<div class=\"elementor-widget-wrap elementor-element-populated\">\n\t\t\t\t\t\t<div class=\"elementor-element elementor-element-2e05794f elementor-widget elementor-widget-heading\" data-id=\"2e05794f\" data-element_type=\"widget\" data-e-type=\"widget\" data-widget_type=\"heading.default\">\n\t\t\t\t<div class=\"elementor-widget-container\">\n\t\t\t\t\t<h2 class=\"elementor-heading-title elementor-size-default\"> Activit\u00e9s<\/h2>\t\t\t\t<\/div>\n\t\t\t\t<\/div>\n\t\t\t\t<div class=\"elementor-element elementor-element-66b6d906 elementor-widget elementor-widget-text-editor\" data-id=\"66b6d906\" data-element_type=\"widget\" data-e-type=\"widget\" data-widget_type=\"text-editor.default\">\n\t\t\t\t<div class=\"elementor-widget-container\">\n\t\t\t\t\t\t\t\t\t<p>Le refuge est un point de d\u00e9part et d&rsquo;arriv\u00e9e de nombreuses randonn\u00e9es pour tous types de grimpeurs. <br \/>A pied, \u00e0 v\u00e9lo ou en skis, le refuge de Soria vous \u00e9merveillera en toute saison. <\/p>\n<p>Nous faisons partie de certaines des travers\u00e9es les plus c\u00e9l\u00e8bres telles que la GTA (grande travers\u00e9e alpine), la via alpina, le trekking du loup, la haute route des Rois et le sentier italien des clubs alpins (Sentiero Italia CAI). <\/p>\n<p>Si vous souhaitez vous aventurer dans les magnifiques sentiers qui nous entourent, il existe de nombreuses excursions pour r\u00e9pondre \u00e0 vos besoins. Lac Maura, Colle di Fenestrelle ou Mont Gelas, laissez-nous vous conseiller pour vivre une exp\u00e9rience inoubliable. <\/p>\n\t\t\t\t\t\t\t\t<\/div>\n\t\t\t\t<\/div>\n\t\t\t\t\t<\/div>\n\t\t<\/div>\n\t\t\t\t\t<\/div>\n\t\t<\/section>\n\t\t\t\t<\/div>\n\t\t","protected":false},"excerpt":{"rendered":"<p>La vie est belle en Montagne \u00a9 Fabrizio Dao Activit\u00e9s Le refuge est un point de d\u00e9part et d&rsquo;arriv\u00e9e de nombreuses randonn\u00e9es pour tous types de grimpeurs. A pied, \u00e0 v\u00e9lo ou en skis, le refuge de Soria vous \u00e9merveillera en toute saison. Nous faisons partie de certaines des travers\u00e9es les plus c\u00e9l\u00e8bres telles que &#8230; <a title=\"Activit\u00e9s\" class=\"read-more\" href=\"https:\/\/rifugiosoria.com\/fr\/activites\/\" aria-label=\"En savoir plus sur Activit\u00e9s\">Lire la suite<\/a><\/p>\n","protected":false},"author":2,"featured_media":0,"parent":0,"menu_order":0,"comment_status":"closed","ping_status":"closed","template":"elementor_header_footer","meta":{"_coblocks_attr":"","_coblocks_dimensions":"","_coblocks_responsive_height":"","_coblocks_accordion_ie_support":"","footnotes":""},"class_list":["post-210","page","type-page","status-publish"],"yoast_head":"<!-- This site is optimized with the Yoast SEO plugin v27.5 - https:\/\/yoast.com\/product\/yoast-seo-wordpress\/ -->\n<title>Activit\u00e9s<\/title>\n<meta name=\"robots\" content=\"index, follow, max-snippet:-1, max-image-preview:large, max-video-preview:-1\" \/>\n<link rel=\"canonical\" href=\"https:\/\/rifugiosoria.com\/fr\/activites\/\" \/>\n<meta property=\"og:locale\" content=\"fr_FR\" \/>\n<meta property=\"og:type\" content=\"article\" \/>\n<meta property=\"og:title\" content=\"Activit\u00e9s\" \/>\n<meta property=\"og:description\" content=\"La vie est belle en Montagne \u00a9 Fabrizio Dao Activit\u00e9s Le refuge est un point de d\u00e9part et d&rsquo;arriv\u00e9e de nombreuses randonn\u00e9es pour tous types de grimpeurs. A pied, \u00e0 v\u00e9lo ou en skis, le refuge de Soria vous \u00e9merveillera en toute saison. Nous faisons partie de certaines des travers\u00e9es les plus c\u00e9l\u00e8bres telles que ... Lire la suite\" \/>\n<meta property=\"og:url\" content=\"https:\/\/rifugiosoria.com\/fr\/activites\/\" \/>\n<meta property=\"og:site_name\" content=\"Rifugio Soria\" \/>\n<meta property=\"article:publisher\" content=\"https:\/\/www.facebook.com\/people\/Rifugio-Soria\/100087461730644\/\" \/>\n<meta property=\"article:modified_time\" content=\"2022-12-15T18:30:40+00:00\" \/>\n<meta property=\"og:image\" content=\"https:\/\/rifugiosoria.com\/wp-content\/uploads\/2022\/12\/d79e8adc-23b9-4db7-9fa2-672a6377a23f-2.jpg\" \/>\n<meta name=\"twitter:card\" content=\"summary_large_image\" \/>\n<meta name=\"twitter:label1\" content=\"Dur\u00e9e de lecture estim\u00e9e\" \/>\n\t<meta name=\"twitter:data1\" content=\"1 minute\" \/>\n<script type=\"application\/ld+json\" class=\"yoast-schema-graph\">{\"@context\":\"https:\\\/\\\/schema.org\",\"@graph\":[{\"@type\":\"WebPage\",\"@id\":\"https:\\\/\\\/rifugiosoria.com\\\/fr\\\/activites\\\/\",\"url\":\"https:\\\/\\\/rifugiosoria.com\\\/fr\\\/activites\\\/\",\"name\":\"Activit\u00e9s\",\"isPartOf\":{\"@id\":\"https:\\\/\\\/rifugiosoria.com\\\/fr\\\/#website\"},\"primaryImageOfPage\":{\"@id\":\"https:\\\/\\\/rifugiosoria.com\\\/fr\\\/activites\\\/#primaryimage\"},\"image\":{\"@id\":\"https:\\\/\\\/rifugiosoria.com\\\/fr\\\/activites\\\/#primaryimage\"},\"thumbnailUrl\":\"https:\\\/\\\/rifugiosoria.com\\\/wp-content\\\/uploads\\\/2022\\\/12\\\/d79e8adc-23b9-4db7-9fa2-672a6377a23f-2.jpg\",\"datePublished\":\"2022-11-25T16:04:42+00:00\",\"dateModified\":\"2022-12-15T18:30:40+00:00\",\"breadcrumb\":{\"@id\":\"https:\\\/\\\/rifugiosoria.com\\\/fr\\\/activites\\\/#breadcrumb\"},\"inLanguage\":\"fr-FR\",\"potentialAction\":[{\"@type\":\"ReadAction\",\"target\":[\"https:\\\/\\\/rifugiosoria.com\\\/fr\\\/activites\\\/\"]}]},{\"@type\":\"ImageObject\",\"inLanguage\":\"fr-FR\",\"@id\":\"https:\\\/\\\/rifugiosoria.com\\\/fr\\\/activites\\\/#primaryimage\",\"url\":\"https:\\\/\\\/rifugiosoria.com\\\/wp-content\\\/uploads\\\/2022\\\/12\\\/d79e8adc-23b9-4db7-9fa2-672a6377a23f-2.jpg\",\"contentUrl\":\"https:\\\/\\\/rifugiosoria.com\\\/wp-content\\\/uploads\\\/2022\\\/12\\\/d79e8adc-23b9-4db7-9fa2-672a6377a23f-2.jpg\"},{\"@type\":\"BreadcrumbList\",\"@id\":\"https:\\\/\\\/rifugiosoria.com\\\/fr\\\/activites\\\/#breadcrumb\",\"itemListElement\":[{\"@type\":\"ListItem\",\"position\":1,\"name\":\"Accueil\",\"item\":\"https:\\\/\\\/rifugiosoria.com\\\/fr\\\/\"},{\"@type\":\"ListItem\",\"position\":2,\"name\":\"Activit\u00e9s\"}]},{\"@type\":\"WebSite\",\"@id\":\"https:\\\/\\\/rifugiosoria.com\\\/fr\\\/#website\",\"url\":\"https:\\\/\\\/rifugiosoria.com\\\/fr\\\/\",\"name\":\"Rifugio Soria\",\"description\":\"\",\"publisher\":{\"@id\":\"https:\\\/\\\/rifugiosoria.com\\\/fr\\\/#organization\"},\"potentialAction\":[{\"@type\":\"SearchAction\",\"target\":{\"@type\":\"EntryPoint\",\"urlTemplate\":\"https:\\\/\\\/rifugiosoria.com\\\/fr\\\/?s={search_term_string}\"},\"query-input\":{\"@type\":\"PropertyValueSpecification\",\"valueRequired\":true,\"valueName\":\"search_term_string\"}}],\"inLanguage\":\"fr-FR\"},{\"@type\":\"Organization\",\"@id\":\"https:\\\/\\\/rifugiosoria.com\\\/fr\\\/#organization\",\"name\":\"Rifugio Soria\",\"url\":\"https:\\\/\\\/rifugiosoria.com\\\/fr\\\/\",\"logo\":{\"@type\":\"ImageObject\",\"inLanguage\":\"fr-FR\",\"@id\":\"https:\\\/\\\/rifugiosoria.com\\\/fr\\\/#\\\/schema\\\/logo\\\/image\\\/\",\"url\":\"https:\\\/\\\/i0.wp.com\\\/rifugiosoria.com\\\/wp-content\\\/uploads\\\/2022\\\/12\\\/cropped-RSE_Logo_White-1.png?fit=2152%2C385&ssl=1\",\"contentUrl\":\"https:\\\/\\\/i0.wp.com\\\/rifugiosoria.com\\\/wp-content\\\/uploads\\\/2022\\\/12\\\/cropped-RSE_Logo_White-1.png?fit=2152%2C385&ssl=1\",\"width\":2152,\"height\":385,\"caption\":\"Rifugio Soria\"},\"image\":{\"@id\":\"https:\\\/\\\/rifugiosoria.com\\\/fr\\\/#\\\/schema\\\/logo\\\/image\\\/\"},\"sameAs\":[\"https:\\\/\\\/www.facebook.com\\\/people\\\/Rifugio-Soria\\\/100087461730644\\\/\",\"https:\\\/\\\/www.instagram.com\\\/rifugio_soria\\\/\"]}]}<\/script>\n<!-- \/ Yoast SEO plugin. -->","yoast_head_json":{"title":"Activit\u00e9s","robots":{"index":"index","follow":"follow","max-snippet":"max-snippet:-1","max-image-preview":"max-image-preview:large","max-video-preview":"max-video-preview:-1"},"canonical":"https:\/\/rifugiosoria.com\/fr\/activites\/","og_locale":"fr_FR","og_type":"article","og_title":"Activit\u00e9s","og_description":"La vie est belle en Montagne \u00a9 Fabrizio Dao Activit\u00e9s Le refuge est un point de d\u00e9part et d&rsquo;arriv\u00e9e de nombreuses randonn\u00e9es pour tous types de grimpeurs. A pied, \u00e0 v\u00e9lo ou en skis, le refuge de Soria vous \u00e9merveillera en toute saison. Nous faisons partie de certaines des travers\u00e9es les plus c\u00e9l\u00e8bres telles que ... Lire la suite","og_url":"https:\/\/rifugiosoria.com\/fr\/activites\/","og_site_name":"Rifugio Soria","article_publisher":"https:\/\/www.facebook.com\/people\/Rifugio-Soria\/100087461730644\/","article_modified_time":"2022-12-15T18:30:40+00:00","og_image":[{"url":"https:\/\/rifugiosoria.com\/wp-content\/uploads\/2022\/12\/d79e8adc-23b9-4db7-9fa2-672a6377a23f-2.jpg","type":"","width":"","height":""}],"twitter_card":"summary_large_image","twitter_misc":{"Dur\u00e9e de lecture estim\u00e9e":"1 minute"},"schema":{"@context":"https:\/\/schema.org","@graph":[{"@type":"WebPage","@id":"https:\/\/rifugiosoria.com\/fr\/activites\/","url":"https:\/\/rifugiosoria.com\/fr\/activites\/","name":"Activit\u00e9s","isPartOf":{"@id":"https:\/\/rifugiosoria.com\/fr\/#website"},"primaryImageOfPage":{"@id":"https:\/\/rifugiosoria.com\/fr\/activites\/#primaryimage"},"image":{"@id":"https:\/\/rifugiosoria.com\/fr\/activites\/#primaryimage"},"thumbnailUrl":"https:\/\/rifugiosoria.com\/wp-content\/uploads\/2022\/12\/d79e8adc-23b9-4db7-9fa2-672a6377a23f-2.jpg","datePublished":"2022-11-25T16:04:42+00:00","dateModified":"2022-12-15T18:30:40+00:00","breadcrumb":{"@id":"https:\/\/rifugiosoria.com\/fr\/activites\/#breadcrumb"},"inLanguage":"fr-FR","potentialAction":[{"@type":"ReadAction","target":["https:\/\/rifugiosoria.com\/fr\/activites\/"]}]},{"@type":"ImageObject","inLanguage":"fr-FR","@id":"https:\/\/rifugiosoria.com\/fr\/activites\/#primaryimage","url":"https:\/\/rifugiosoria.com\/wp-content\/uploads\/2022\/12\/d79e8adc-23b9-4db7-9fa2-672a6377a23f-2.jpg","contentUrl":"https:\/\/rifugiosoria.com\/wp-content\/uploads\/2022\/12\/d79e8adc-23b9-4db7-9fa2-672a6377a23f-2.jpg"},{"@type":"BreadcrumbList","@id":"https:\/\/rifugiosoria.com\/fr\/activites\/#breadcrumb","itemListElement":[{"@type":"ListItem","position":1,"name":"Accueil","item":"https:\/\/rifugiosoria.com\/fr\/"},{"@type":"ListItem","position":2,"name":"Activit\u00e9s"}]},{"@type":"WebSite","@id":"https:\/\/rifugiosoria.com\/fr\/#website","url":"https:\/\/rifugiosoria.com\/fr\/","name":"Rifugio Soria","description":"","publisher":{"@id":"https:\/\/rifugiosoria.com\/fr\/#organization"},"potentialAction":[{"@type":"SearchAction","target":{"@type":"EntryPoint","urlTemplate":"https:\/\/rifugiosoria.com\/fr\/?s={search_term_string}"},"query-input":{"@type":"PropertyValueSpecification","valueRequired":true,"valueName":"search_term_string"}}],"inLanguage":"fr-FR"},{"@type":"Organization","@id":"https:\/\/rifugiosoria.com\/fr\/#organization","name":"Rifugio Soria","url":"https:\/\/rifugiosoria.com\/fr\/","logo":{"@type":"ImageObject","inLanguage":"fr-FR","@id":"https:\/\/rifugiosoria.com\/fr\/#\/schema\/logo\/image\/","url":"https:\/\/i0.wp.com\/rifugiosoria.com\/wp-content\/uploads\/2022\/12\/cropped-RSE_Logo_White-1.png?fit=2152%2C385&ssl=1","contentUrl":"https:\/\/i0.wp.com\/rifugiosoria.com\/wp-content\/uploads\/2022\/12\/cropped-RSE_Logo_White-1.png?fit=2152%2C385&ssl=1","width":2152,"height":385,"caption":"Rifugio Soria"},"image":{"@id":"https:\/\/rifugiosoria.com\/fr\/#\/schema\/logo\/image\/"},"sameAs":["https:\/\/www.facebook.com\/people\/Rifugio-Soria\/100087461730644\/","https:\/\/www.instagram.com\/rifugio_soria\/"]}]}},"jetpack_sharing_enabled":true,"_links":{"self":[{"href":"https:\/\/rifugiosoria.com\/fr\/wp-json\/wp\/v2\/pages\/210","targetHints":{"allow":["GET"]}}],"collection":[{"href":"https:\/\/rifugiosoria.com\/fr\/wp-json\/wp\/v2\/pages"}],"about":[{"href":"https:\/\/rifugiosoria.com\/fr\/wp-json\/wp\/v2\/types\/page"}],"author":[{"embeddable":true,"href":"https:\/\/rifugiosoria.com\/fr\/wp-json\/wp\/v2\/users\/2"}],"replies":[{"embeddable":true,"href":"https:\/\/rifugiosoria.com\/fr\/wp-json\/wp\/v2\/comments?post=210"}],"version-history":[{"count":17,"href":"https:\/\/rifugiosoria.com\/fr\/wp-json\/wp\/v2\/pages\/210\/revisions"}],"predecessor-version":[{"id":1459,"href":"https:\/\/rifugiosoria.com\/fr\/wp-json\/wp\/v2\/pages\/210\/revisions\/1459"}],"wp:attachment":[{"href":"https:\/\/rifugiosoria.com\/fr\/wp-json\/wp\/v2\/media?parent=210"}],"curies":[{"name":"wp","href":"https:\/\/api.w.org\/{rel}","templated":true}]}}