{"id":228,"date":"2022-11-25T16:04:42","date_gmt":"2022-11-25T16:04:42","guid":{"rendered":"https:\/\/rifugiosoria.com\/reservierung\/"},"modified":"2022-12-15T18:30:52","modified_gmt":"2022-12-15T18:30:52","slug":"aktivitaeten","status":"publish","type":"page","link":"https:\/\/rifugiosoria.com\/de\/aktivitaeten\/","title":{"rendered":"Aktivit\u00e4ten"},"content":{"rendered":"\t\t<div data-elementor-type=\"wp-page\" data-elementor-id=\"228\" class=\"elementor elementor-228 elementor-67\">\n\t\t\t\t\t\t<section class=\"elementor-section elementor-top-section elementor-element elementor-element-61a3cbe elementor-section-content-middle elementor-section-boxed elementor-section-height-default elementor-section-height-default\" data-id=\"61a3cbe\" data-element_type=\"section\" data-e-type=\"section\">\n\t\t\t\t\t\t<div class=\"elementor-container elementor-column-gap-no\">\n\t\t\t\t\t<div class=\"elementor-column elementor-col-33 elementor-top-column elementor-element elementor-element-69d80f3\" data-id=\"69d80f3\" data-element_type=\"column\" data-e-type=\"column\">\n\t\t\t<div class=\"elementor-widget-wrap elementor-element-populated\">\n\t\t\t\t\t\t<div class=\"elementor-element elementor-element-f9ad349 elementor-widget elementor-widget-heading\" data-id=\"f9ad349\" data-element_type=\"widget\" data-e-type=\"widget\" data-widget_type=\"heading.default\">\n\t\t\t\t<div class=\"elementor-widget-container\">\n\t\t\t\t\t<h2 class=\"elementor-heading-title elementor-size-default\">Das Leben in den Bergen<\/h2>\t\t\t\t<\/div>\n\t\t\t\t<\/div>\n\t\t\t\t<div class=\"elementor-element elementor-element-411ac9a elementor-widget elementor-widget-image\" data-id=\"411ac9a\" data-element_type=\"widget\" data-e-type=\"widget\" data-widget_type=\"image.default\">\n\t\t\t\t<div class=\"elementor-widget-container\">\n\t\t\t\t\t\t\t\t\t\t\t\t\t\t\t<img decoding=\"async\" src=\"https:\/\/i0.wp.com\/rifugiosoria.com\/wp-content\/uploads\/2022\/12\/d79e8adc-23b9-4db7-9fa2-672a6377a23f-2.jpg?fit=960%2C1200&#038;ssl=1\" title=\"d79e8adc-23b9-4db7-9fa2-672a6377a23f\" alt=\"d79e8adc-23b9-4db7-9fa2-672a6377a23f\" class=\"elementor-animation-grow\" loading=\"lazy\" \/>\t\t\t\t\t\t\t\t\t\t\t\t\t\t\t<\/div>\n\t\t\t\t<\/div>\n\t\t\t\t\t<\/div>\n\t\t<\/div>\n\t\t\t\t<div class=\"elementor-column elementor-col-33 elementor-top-column elementor-element elementor-element-c40efaf\" data-id=\"c40efaf\" data-element_type=\"column\" data-e-type=\"column\">\n\t\t\t<div class=\"elementor-widget-wrap elementor-element-populated\">\n\t\t\t\t\t\t<div class=\"elementor-element elementor-element-09fbb71 elementor-widget elementor-widget-image\" data-id=\"09fbb71\" data-element_type=\"widget\" data-e-type=\"widget\" data-widget_type=\"image.default\">\n\t\t\t\t<div class=\"elementor-widget-container\">\n\t\t\t\t\t\t\t\t\t\t\t\t\t\t\t<img fetchpriority=\"high\" decoding=\"async\" width=\"768\" height=\"1024\" src=\"https:\/\/i0.wp.com\/rifugiosoria.com\/wp-content\/uploads\/2022\/12\/IMG_6519-scaled.jpg?fit=768%2C1024&amp;ssl=1\" class=\"elementor-animation-grow attachment-large size-large wp-image-804\" alt=\"\" srcset=\"https:\/\/i0.wp.com\/rifugiosoria.com\/wp-content\/uploads\/2022\/12\/IMG_6519-scaled.jpg?w=1920&amp;ssl=1 1920w, https:\/\/i0.wp.com\/rifugiosoria.com\/wp-content\/uploads\/2022\/12\/IMG_6519-scaled.jpg?resize=225%2C300&amp;ssl=1 225w, https:\/\/i0.wp.com\/rifugiosoria.com\/wp-content\/uploads\/2022\/12\/IMG_6519-scaled.jpg?resize=768%2C1024&amp;ssl=1 768w, https:\/\/i0.wp.com\/rifugiosoria.com\/wp-content\/uploads\/2022\/12\/IMG_6519-scaled.jpg?resize=1152%2C1536&amp;ssl=1 1152w, https:\/\/i0.wp.com\/rifugiosoria.com\/wp-content\/uploads\/2022\/12\/IMG_6519-scaled.jpg?resize=1536%2C2048&amp;ssl=1 1536w\" sizes=\"(max-width: 768px) 100vw, 768px\" \/>\t\t\t\t\t\t\t\t\t\t\t\t\t\t\t<\/div>\n\t\t\t\t<\/div>\n\t\t\t\t\t<\/div>\n\t\t<\/div>\n\t\t\t\t<div class=\"elementor-column elementor-col-33 elementor-top-column elementor-element elementor-element-844f469\" data-id=\"844f469\" data-element_type=\"column\" data-e-type=\"column\">\n\t\t\t<div class=\"elementor-widget-wrap elementor-element-populated\">\n\t\t\t\t\t\t<div class=\"elementor-element elementor-element-d92868a elementor-widget elementor-widget-image\" data-id=\"d92868a\" data-element_type=\"widget\" data-e-type=\"widget\" data-widget_type=\"image.default\">\n\t\t\t\t<div class=\"elementor-widget-container\">\n\t\t\t\t\t\t\t\t\t\t\t\t<figure class=\"wp-caption\">\n\t\t\t\t\t\t\t\t\t\t<img decoding=\"async\" width=\"819\" height=\"1024\" src=\"https:\/\/i0.wp.com\/rifugiosoria.com\/wp-content\/uploads\/2022\/12\/bouk-scaled.jpg?fit=819%2C1024&amp;ssl=1\" class=\"elementor-animation-grow attachment-large size-large wp-image-860\" alt=\"\" srcset=\"https:\/\/i0.wp.com\/rifugiosoria.com\/wp-content\/uploads\/2022\/12\/bouk-scaled.jpg?w=2048&amp;ssl=1 2048w, https:\/\/i0.wp.com\/rifugiosoria.com\/wp-content\/uploads\/2022\/12\/bouk-scaled.jpg?resize=240%2C300&amp;ssl=1 240w, https:\/\/i0.wp.com\/rifugiosoria.com\/wp-content\/uploads\/2022\/12\/bouk-scaled.jpg?resize=819%2C1024&amp;ssl=1 819w, https:\/\/i0.wp.com\/rifugiosoria.com\/wp-content\/uploads\/2022\/12\/bouk-scaled.jpg?resize=768%2C960&amp;ssl=1 768w, https:\/\/i0.wp.com\/rifugiosoria.com\/wp-content\/uploads\/2022\/12\/bouk-scaled.jpg?resize=1229%2C1536&amp;ssl=1 1229w, https:\/\/i0.wp.com\/rifugiosoria.com\/wp-content\/uploads\/2022\/12\/bouk-scaled.jpg?resize=1638%2C2048&amp;ssl=1 1638w\" sizes=\"(max-width: 819px) 100vw, 819px\" \/>\t\t\t\t\t\t\t\t\t\t\t<figcaption class=\"widget-image-caption wp-caption-text\">\u00a9 Fabrizio Dao<\/figcaption>\n\t\t\t\t\t\t\t\t\t\t<\/figure>\n\t\t\t\t\t\t\t\t\t<\/div>\n\t\t\t\t<\/div>\n\t\t\t\t\t<\/div>\n\t\t<\/div>\n\t\t\t\t\t<\/div>\n\t\t<\/section>\n\t\t\t\t<section class=\"elementor-section elementor-top-section elementor-element elementor-element-7d1024fb elementor-section-content-middle elementor-section-boxed elementor-section-height-default elementor-section-height-default\" data-id=\"7d1024fb\" data-element_type=\"section\" data-e-type=\"section\" data-settings=\"{&quot;background_background&quot;:&quot;classic&quot;}\">\n\t\t\t\t\t\t<div class=\"elementor-container elementor-column-gap-no\">\n\t\t\t\t\t<div class=\"elementor-column elementor-col-100 elementor-top-column elementor-element elementor-element-20bf3cce\" data-id=\"20bf3cce\" data-element_type=\"column\" data-e-type=\"column\" data-settings=\"{&quot;background_background&quot;:&quot;classic&quot;}\">\n\t\t\t<div class=\"elementor-widget-wrap elementor-element-populated\">\n\t\t\t\t\t\t<div class=\"elementor-element elementor-element-2e05794f elementor-widget elementor-widget-heading\" data-id=\"2e05794f\" data-element_type=\"widget\" data-e-type=\"widget\" data-widget_type=\"heading.default\">\n\t\t\t\t<div class=\"elementor-widget-container\">\n\t\t\t\t\t<h2 class=\"elementor-heading-title elementor-size-default\"> Aktivit\u00e4ten<\/h2>\t\t\t\t<\/div>\n\t\t\t\t<\/div>\n\t\t\t\t<div class=\"elementor-element elementor-element-66b6d906 elementor-widget elementor-widget-text-editor\" data-id=\"66b6d906\" data-element_type=\"widget\" data-e-type=\"widget\" data-widget_type=\"text-editor.default\">\n\t\t\t\t<div class=\"elementor-widget-container\">\n\t\t\t\t\t\t\t\t\t<p>Die Schutzh\u00fctte ist Ausgangs- und Endpunkt vieler Wanderungen und Klettertouren. <br \/>Zu Fu\u00df, mit dem Fahrrad oder auf Skiern, die Soria-H\u00fctte wird Sie zu jeder Jahreszeit begeistern. <\/p>\n<p>Wir sind Teil einiger der ber\u00fchmtesten \u00dcberg\u00e4nge der Alpen, wie der Via Alpina, der GTA (Gro\u00dfe Alpen\u00fcberquerung), dem Wolftrek, dem H\u00f6henweg der K\u00f6nige und dem italienischen Wanderweg der Alpenvereine (Sentiero Italia CAI). <\/p>\n<p>Die sch\u00f6nen Wanderwege in unserer Umgebung bieten viele Ausfl\u00fcge, die Ihre Erwartungen erf\u00fcllen. Beispielsweise Touren zum Maura-See, Colle di Fenestrelle oder Mont Gelas. Lassen Sie sich von uns beraten, um Unvergessliches zu erleben. <\/p>\n\t\t\t\t\t\t\t\t<\/div>\n\t\t\t\t<\/div>\n\t\t\t\t\t<\/div>\n\t\t<\/div>\n\t\t\t\t\t<\/div>\n\t\t<\/section>\n\t\t\t\t<\/div>\n\t\t","protected":false},"excerpt":{"rendered":"<p>Das Leben in den Bergen \u00a9 Fabrizio Dao Aktivit\u00e4ten Die Schutzh\u00fctte ist Ausgangs- und Endpunkt vieler Wanderungen und Klettertouren. Zu Fu\u00df, mit dem Fahrrad oder auf Skiern, die Soria-H\u00fctte wird Sie zu jeder Jahreszeit begeistern. Wir sind Teil einiger der ber\u00fchmtesten \u00dcberg\u00e4nge der Alpen, wie der Via Alpina, der GTA (Gro\u00dfe Alpen\u00fcberquerung), dem Wolftrek, dem &#8230; <a title=\"Aktivit\u00e4ten\" class=\"read-more\" href=\"https:\/\/rifugiosoria.com\/de\/aktivitaeten\/\" aria-label=\"Mehr Informationen \u00fcber Aktivit\u00e4ten\">Weiterlesen<\/a><\/p>\n","protected":false},"author":2,"featured_media":0,"parent":0,"menu_order":0,"comment_status":"closed","ping_status":"closed","template":"elementor_header_footer","meta":{"_coblocks_attr":"","_coblocks_dimensions":"","_coblocks_responsive_height":"","_coblocks_accordion_ie_support":"","footnotes":""},"class_list":["post-228","page","type-page","status-publish"],"yoast_head":"<!-- This site is optimized with the Yoast SEO plugin v27.4 - https:\/\/yoast.com\/product\/yoast-seo-wordpress\/ -->\n<title>Aktivit\u00e4ten<\/title>\n<meta name=\"robots\" content=\"index, follow, max-snippet:-1, max-image-preview:large, max-video-preview:-1\" \/>\n<link rel=\"canonical\" href=\"https:\/\/rifugiosoria.com\/de\/aktivitaeten\/\" \/>\n<meta property=\"og:locale\" content=\"de_DE\" \/>\n<meta property=\"og:type\" content=\"article\" \/>\n<meta property=\"og:title\" content=\"Aktivit\u00e4ten\" \/>\n<meta property=\"og:description\" content=\"Das Leben in den Bergen \u00a9 Fabrizio Dao Aktivit\u00e4ten Die Schutzh\u00fctte ist Ausgangs- und Endpunkt vieler Wanderungen und Klettertouren. Zu Fu\u00df, mit dem Fahrrad oder auf Skiern, die Soria-H\u00fctte wird Sie zu jeder Jahreszeit begeistern. Wir sind Teil einiger der ber\u00fchmtesten \u00dcberg\u00e4nge der Alpen, wie der Via Alpina, der GTA (Gro\u00dfe Alpen\u00fcberquerung), dem Wolftrek, dem ... Weiterlesen\" \/>\n<meta property=\"og:url\" content=\"https:\/\/rifugiosoria.com\/de\/aktivitaeten\/\" \/>\n<meta property=\"og:site_name\" content=\"Rifugio Soria\" \/>\n<meta property=\"article:publisher\" content=\"https:\/\/www.facebook.com\/people\/Rifugio-Soria\/100087461730644\/\" \/>\n<meta property=\"article:modified_time\" content=\"2022-12-15T18:30:52+00:00\" \/>\n<meta property=\"og:image\" content=\"https:\/\/rifugiosoria.com\/wp-content\/uploads\/2022\/12\/d79e8adc-23b9-4db7-9fa2-672a6377a23f-2.jpg\" \/>\n<meta name=\"twitter:card\" content=\"summary_large_image\" \/>\n<meta name=\"twitter:label1\" content=\"Gesch\u00e4tzte Lesezeit\" \/>\n\t<meta name=\"twitter:data1\" content=\"1\u00a0Minute\" \/>\n<script type=\"application\/ld+json\" class=\"yoast-schema-graph\">{\"@context\":\"https:\\\/\\\/schema.org\",\"@graph\":[{\"@type\":\"WebPage\",\"@id\":\"https:\\\/\\\/rifugiosoria.com\\\/de\\\/aktivitaeten\\\/\",\"url\":\"https:\\\/\\\/rifugiosoria.com\\\/de\\\/aktivitaeten\\\/\",\"name\":\"Aktivit\u00e4ten\",\"isPartOf\":{\"@id\":\"https:\\\/\\\/rifugiosoria.com\\\/de\\\/#website\"},\"primaryImageOfPage\":{\"@id\":\"https:\\\/\\\/rifugiosoria.com\\\/de\\\/aktivitaeten\\\/#primaryimage\"},\"image\":{\"@id\":\"https:\\\/\\\/rifugiosoria.com\\\/de\\\/aktivitaeten\\\/#primaryimage\"},\"thumbnailUrl\":\"https:\\\/\\\/rifugiosoria.com\\\/wp-content\\\/uploads\\\/2022\\\/12\\\/d79e8adc-23b9-4db7-9fa2-672a6377a23f-2.jpg\",\"datePublished\":\"2022-11-25T16:04:42+00:00\",\"dateModified\":\"2022-12-15T18:30:52+00:00\",\"breadcrumb\":{\"@id\":\"https:\\\/\\\/rifugiosoria.com\\\/de\\\/aktivitaeten\\\/#breadcrumb\"},\"inLanguage\":\"de\",\"potentialAction\":[{\"@type\":\"ReadAction\",\"target\":[\"https:\\\/\\\/rifugiosoria.com\\\/de\\\/aktivitaeten\\\/\"]}]},{\"@type\":\"ImageObject\",\"inLanguage\":\"de\",\"@id\":\"https:\\\/\\\/rifugiosoria.com\\\/de\\\/aktivitaeten\\\/#primaryimage\",\"url\":\"https:\\\/\\\/rifugiosoria.com\\\/wp-content\\\/uploads\\\/2022\\\/12\\\/d79e8adc-23b9-4db7-9fa2-672a6377a23f-2.jpg\",\"contentUrl\":\"https:\\\/\\\/rifugiosoria.com\\\/wp-content\\\/uploads\\\/2022\\\/12\\\/d79e8adc-23b9-4db7-9fa2-672a6377a23f-2.jpg\"},{\"@type\":\"BreadcrumbList\",\"@id\":\"https:\\\/\\\/rifugiosoria.com\\\/de\\\/aktivitaeten\\\/#breadcrumb\",\"itemListElement\":[{\"@type\":\"ListItem\",\"position\":1,\"name\":\"Accueil\",\"item\":\"https:\\\/\\\/rifugiosoria.com\\\/de\\\/\"},{\"@type\":\"ListItem\",\"position\":2,\"name\":\"Aktivit\u00e4ten\"}]},{\"@type\":\"WebSite\",\"@id\":\"https:\\\/\\\/rifugiosoria.com\\\/de\\\/#website\",\"url\":\"https:\\\/\\\/rifugiosoria.com\\\/de\\\/\",\"name\":\"Rifugio Soria\",\"description\":\"\",\"publisher\":{\"@id\":\"https:\\\/\\\/rifugiosoria.com\\\/de\\\/#organization\"},\"potentialAction\":[{\"@type\":\"SearchAction\",\"target\":{\"@type\":\"EntryPoint\",\"urlTemplate\":\"https:\\\/\\\/rifugiosoria.com\\\/de\\\/?s={search_term_string}\"},\"query-input\":{\"@type\":\"PropertyValueSpecification\",\"valueRequired\":true,\"valueName\":\"search_term_string\"}}],\"inLanguage\":\"de\"},{\"@type\":\"Organization\",\"@id\":\"https:\\\/\\\/rifugiosoria.com\\\/de\\\/#organization\",\"name\":\"Rifugio Soria\",\"url\":\"https:\\\/\\\/rifugiosoria.com\\\/de\\\/\",\"logo\":{\"@type\":\"ImageObject\",\"inLanguage\":\"de\",\"@id\":\"https:\\\/\\\/rifugiosoria.com\\\/de\\\/#\\\/schema\\\/logo\\\/image\\\/\",\"url\":\"https:\\\/\\\/i0.wp.com\\\/rifugiosoria.com\\\/wp-content\\\/uploads\\\/2022\\\/12\\\/cropped-RSE_Logo_White-1.png?fit=2152%2C385&ssl=1\",\"contentUrl\":\"https:\\\/\\\/i0.wp.com\\\/rifugiosoria.com\\\/wp-content\\\/uploads\\\/2022\\\/12\\\/cropped-RSE_Logo_White-1.png?fit=2152%2C385&ssl=1\",\"width\":2152,\"height\":385,\"caption\":\"Rifugio Soria\"},\"image\":{\"@id\":\"https:\\\/\\\/rifugiosoria.com\\\/de\\\/#\\\/schema\\\/logo\\\/image\\\/\"},\"sameAs\":[\"https:\\\/\\\/www.facebook.com\\\/people\\\/Rifugio-Soria\\\/100087461730644\\\/\",\"https:\\\/\\\/www.instagram.com\\\/rifugio_soria\\\/\"]}]}<\/script>\n<!-- \/ Yoast SEO plugin. -->","yoast_head_json":{"title":"Aktivit\u00e4ten","robots":{"index":"index","follow":"follow","max-snippet":"max-snippet:-1","max-image-preview":"max-image-preview:large","max-video-preview":"max-video-preview:-1"},"canonical":"https:\/\/rifugiosoria.com\/de\/aktivitaeten\/","og_locale":"de_DE","og_type":"article","og_title":"Aktivit\u00e4ten","og_description":"Das Leben in den Bergen \u00a9 Fabrizio Dao Aktivit\u00e4ten Die Schutzh\u00fctte ist Ausgangs- und Endpunkt vieler Wanderungen und Klettertouren. Zu Fu\u00df, mit dem Fahrrad oder auf Skiern, die Soria-H\u00fctte wird Sie zu jeder Jahreszeit begeistern. Wir sind Teil einiger der ber\u00fchmtesten \u00dcberg\u00e4nge der Alpen, wie der Via Alpina, der GTA (Gro\u00dfe Alpen\u00fcberquerung), dem Wolftrek, dem ... Weiterlesen","og_url":"https:\/\/rifugiosoria.com\/de\/aktivitaeten\/","og_site_name":"Rifugio Soria","article_publisher":"https:\/\/www.facebook.com\/people\/Rifugio-Soria\/100087461730644\/","article_modified_time":"2022-12-15T18:30:52+00:00","og_image":[{"url":"https:\/\/rifugiosoria.com\/wp-content\/uploads\/2022\/12\/d79e8adc-23b9-4db7-9fa2-672a6377a23f-2.jpg","type":"","width":"","height":""}],"twitter_card":"summary_large_image","twitter_misc":{"Gesch\u00e4tzte Lesezeit":"1\u00a0Minute"},"schema":{"@context":"https:\/\/schema.org","@graph":[{"@type":"WebPage","@id":"https:\/\/rifugiosoria.com\/de\/aktivitaeten\/","url":"https:\/\/rifugiosoria.com\/de\/aktivitaeten\/","name":"Aktivit\u00e4ten","isPartOf":{"@id":"https:\/\/rifugiosoria.com\/de\/#website"},"primaryImageOfPage":{"@id":"https:\/\/rifugiosoria.com\/de\/aktivitaeten\/#primaryimage"},"image":{"@id":"https:\/\/rifugiosoria.com\/de\/aktivitaeten\/#primaryimage"},"thumbnailUrl":"https:\/\/rifugiosoria.com\/wp-content\/uploads\/2022\/12\/d79e8adc-23b9-4db7-9fa2-672a6377a23f-2.jpg","datePublished":"2022-11-25T16:04:42+00:00","dateModified":"2022-12-15T18:30:52+00:00","breadcrumb":{"@id":"https:\/\/rifugiosoria.com\/de\/aktivitaeten\/#breadcrumb"},"inLanguage":"de","potentialAction":[{"@type":"ReadAction","target":["https:\/\/rifugiosoria.com\/de\/aktivitaeten\/"]}]},{"@type":"ImageObject","inLanguage":"de","@id":"https:\/\/rifugiosoria.com\/de\/aktivitaeten\/#primaryimage","url":"https:\/\/rifugiosoria.com\/wp-content\/uploads\/2022\/12\/d79e8adc-23b9-4db7-9fa2-672a6377a23f-2.jpg","contentUrl":"https:\/\/rifugiosoria.com\/wp-content\/uploads\/2022\/12\/d79e8adc-23b9-4db7-9fa2-672a6377a23f-2.jpg"},{"@type":"BreadcrumbList","@id":"https:\/\/rifugiosoria.com\/de\/aktivitaeten\/#breadcrumb","itemListElement":[{"@type":"ListItem","position":1,"name":"Accueil","item":"https:\/\/rifugiosoria.com\/de\/"},{"@type":"ListItem","position":2,"name":"Aktivit\u00e4ten"}]},{"@type":"WebSite","@id":"https:\/\/rifugiosoria.com\/de\/#website","url":"https:\/\/rifugiosoria.com\/de\/","name":"Rifugio Soria","description":"","publisher":{"@id":"https:\/\/rifugiosoria.com\/de\/#organization"},"potentialAction":[{"@type":"SearchAction","target":{"@type":"EntryPoint","urlTemplate":"https:\/\/rifugiosoria.com\/de\/?s={search_term_string}"},"query-input":{"@type":"PropertyValueSpecification","valueRequired":true,"valueName":"search_term_string"}}],"inLanguage":"de"},{"@type":"Organization","@id":"https:\/\/rifugiosoria.com\/de\/#organization","name":"Rifugio Soria","url":"https:\/\/rifugiosoria.com\/de\/","logo":{"@type":"ImageObject","inLanguage":"de","@id":"https:\/\/rifugiosoria.com\/de\/#\/schema\/logo\/image\/","url":"https:\/\/i0.wp.com\/rifugiosoria.com\/wp-content\/uploads\/2022\/12\/cropped-RSE_Logo_White-1.png?fit=2152%2C385&ssl=1","contentUrl":"https:\/\/i0.wp.com\/rifugiosoria.com\/wp-content\/uploads\/2022\/12\/cropped-RSE_Logo_White-1.png?fit=2152%2C385&ssl=1","width":2152,"height":385,"caption":"Rifugio Soria"},"image":{"@id":"https:\/\/rifugiosoria.com\/de\/#\/schema\/logo\/image\/"},"sameAs":["https:\/\/www.facebook.com\/people\/Rifugio-Soria\/100087461730644\/","https:\/\/www.instagram.com\/rifugio_soria\/"]}]}},"jetpack_sharing_enabled":true,"_links":{"self":[{"href":"https:\/\/rifugiosoria.com\/de\/wp-json\/wp\/v2\/pages\/228","targetHints":{"allow":["GET"]}}],"collection":[{"href":"https:\/\/rifugiosoria.com\/de\/wp-json\/wp\/v2\/pages"}],"about":[{"href":"https:\/\/rifugiosoria.com\/de\/wp-json\/wp\/v2\/types\/page"}],"author":[{"embeddable":true,"href":"https:\/\/rifugiosoria.com\/de\/wp-json\/wp\/v2\/users\/2"}],"replies":[{"embeddable":true,"href":"https:\/\/rifugiosoria.com\/de\/wp-json\/wp\/v2\/comments?post=228"}],"version-history":[{"count":8,"href":"https:\/\/rifugiosoria.com\/de\/wp-json\/wp\/v2\/pages\/228\/revisions"}],"predecessor-version":[{"id":1460,"href":"https:\/\/rifugiosoria.com\/de\/wp-json\/wp\/v2\/pages\/228\/revisions\/1460"}],"wp:attachment":[{"href":"https:\/\/rifugiosoria.com\/de\/wp-json\/wp\/v2\/media?parent=228"}],"curies":[{"name":"wp","href":"https:\/\/api.w.org\/{rel}","templated":true}]}}